{"id":38,"date":"2020-02-03T17:18:14","date_gmt":"2020-02-03T16:18:14","guid":{"rendered":"http:\/\/tuplice.pl\/index.php\/rada-gminy-tuplice\/"},"modified":"2024-06-18T12:11:45","modified_gmt":"2024-06-18T10:11:45","slug":"rada-gminy-tuplice","status":"publish","type":"page","link":"https:\/\/tuplice.pl\/index.php\/rada-gminy-tuplice\/","title":{"rendered":"Rada Gminy Tuplice"},"content":{"rendered":"<p>[et_pb_section fb_built=&#8221;1&#8243; _builder_version=&#8221;3.29.3&#8243; use_background_color_gradient=&#8221;on&#8221; background_color_gradient_start=&#8221;rgba(255,255,255,0.58)&#8221; background_color_gradient_end=&#8221;rgba(255,255,255,0)&#8221; background_color_gradient_end_position=&#8221;58%&#8221; background_image=&#8221;https:\/\/tuplice.pl\/wp-content\/uploads\/2020\/02\/DSC05037.jpg&#8221; background_blend=&#8221;overlay&#8221; custom_padding=&#8221;30px|0px|49px|0px|false|false&#8221; bottom_divider_style=&#8221;wave2&#8243; bottom_divider_color=&#8221;#f7f7f7&#8243; bottom_divider_height=&#8221;35px&#8221; bottom_divider_repeat=&#8221;13x&#8221;][et_pb_row use_custom_gutter=&#8221;on&#8221; gutter_width=&#8221;2&#8243; custom_padding_last_edited=&#8221;on|desktop&#8221; _builder_version=&#8221;4.0.2&#8243; custom_padding=&#8221;78px|0px|78px|0px|true|false&#8221; custom_padding_tablet=&#8221;&#8221; custom_padding_phone=&#8221;50px||50px||true&#8221; animation_style=&#8221;slide&#8221; animation_direction=&#8221;right&#8221; animation_duration=&#8221;1500ms&#8221;][et_pb_column type=&#8221;4_4&#8243; _builder_version=&#8221;3.25&#8243; custom_padding=&#8221;|||&#8221; custom_padding__hover=&#8221;|||&#8221;][et_pb_text _builder_version=&#8221;3.29.3&#8243; text_font=&#8221;Arimo||||||||&#8221; text_text_color=&#8221;#5499D4&#8243; text_font_size=&#8221;15px&#8221; header_font=&#8221;Quicksand|700|||||||&#8221; header_text_align=&#8221;left&#8221; header_text_color=&#8221;#ffffff&#8221; header_font_size=&#8221;60px&#8221; header_line_height=&#8221;1.3em&#8221; header_5_font_size=&#8221;15px&#8221; custom_margin=&#8221;-14px||&#8221; header_font_size_tablet=&#8221;&#8221; header_font_size_phone=&#8221;40px&#8221; header_font_size_last_edited=&#8221;on|desktop&#8221;]<\/p>\n<h1>Rada Gminy Tuplice<br \/>\n<\/h1>\n<p>[\/et_pb_text][\/et_pb_column][\/et_pb_row][\/et_pb_section][et_pb_section fb_built=&#8221;1&#8243; _builder_version=&#8221;3.29.3&#8243; background_color=&#8221;#f7f7f7&#8243; module_alignment=&#8221;center&#8221; custom_margin=&#8221;3%||||false|false&#8221; custom_padding=&#8221;0px|||||&#8221;][et_pb_row column_structure=&#8221;3_4,1_4&#8243; use_custom_gutter=&#8221;on&#8221; gutter_width=&#8221;2&#8243; _builder_version=&#8221;3.29.3&#8243; width=&#8221;85%&#8221; max_width=&#8221;85%&#8221; custom_padding=&#8221;0px|||||&#8221;][et_pb_column type=&#8221;3_4&#8243; _builder_version=&#8221;3.29.3&#8243;][et_pb_text _builder_version=&#8221;4.3.4&#8243; hover_enabled=&#8221;0&#8243;]<\/p>\n<p>Sk\u0142ad Rady Rady Gminy Tuplice<\/p>\n<p>Sk\u0142ad Rady Gminy\u00a0<em>Kadencja 2024 \u2013 2029<\/em><\/p>\n<p>Mazurkiewicz Sylwester Kazimierz \u2013\u00a0<b>Przewodnicz\u0105cy rady gminy<\/b><br \/>Rudak Daniela \u2013\u00a0<b>Wiceprzewodnicz\u0105ca rady gminy<\/b><br \/>\u0141aszewska Barbara,<br \/>Jagodzki Krzysztof,<br \/>Jasi\u0144ski Ryszard,<br \/>Kisiela Piotr,<br \/>Borowski Jan,<br \/>Wi\u015bniewski Grzegorz,<br \/>Krawczyk Jacek W\u0142adys\u0142aw,<br \/>Mazur Patrycja,<br \/>Nowakowski Zdzis\u0142aw<br \/>Kromp Miros\u0142awa,<br \/>Tytko Andrzej,<br \/>Szarlej Andrzej Marian,<br \/>Tu\u0142acz Ryszard.<\/p>\n<p>Sk\u0142ad Rady Gminy\u00a0<em>Kadencja 2018 \u2013 2024<\/em><\/p>\n<p>Mazurkiewicz Sylwester Kazimierz \u2013\u00a0<b>Przewodnicz\u0105cy rady gminy<\/b><br \/>Rudak Daniela \u2013\u00a0<b>Wiceprzewodnicz\u0105ca rady gminy<\/b><br \/>Bili\u0144ska Wioletta,<br \/>Jagodzki Krzysztof,<br \/>Jasi\u0144ski Ryszard,<br \/>Kisiela Piotr,<br \/>Borowski Jan,<br \/>Kowalski Arkadiusz,<br \/>Krawczyk Jacek W\u0142adys\u0142aw,<br \/>Nazaruk Miros\u0142awa,<br \/>Nowakowski Zdzis\u0142aw<br \/>Kromp Miros\u0142awa,<br \/>Smyk Ma\u0142gorzata,<br \/>Szarlej Andrzej Marian,<br \/>Tu\u0142acz Ryszard.<\/p>\n<p>\u2014\u2014\u2014\u2014\u2014\u2014\u2014\u2014\u2014\u2014\u2014\u2014\u2014\u2014\u2014\u2014\u2014\u2014\u2014\u2014\u2014\u2014\u2014\u2014\u2014\u2014\u2014\u2014\u2014\u2014\u2014\u2014\u2014\u2014\u2014\u2014\u2014\u2014\u2013<\/p>\n<p>Sk\u0142ad Rady Gminy\u00a0<em>Kadencja 2010 \u2013 2014<\/em><\/p>\n<p><span class=\"caption\">Sylwester Mazurkiewicz Przewodnicz\u0105cy Rady Gminy<br \/>Krzysztof Delejowski Zast\u0119pca Przewodnicz\u0105cego Rady Gminy<br \/>J\u00f3zef Grubizna \u2013 Radny<br \/>Bo\u017cena Jab\u0142o\u0144ska \u2013 Radna<br \/>Ryszard Jasi\u0144ski \u2013 Radny<br \/>Piotr Kisiela \u2013 Radny<br \/>Jaros\u0142aw Kami\u0144ski \u2013 Radny<br \/>Krzysztof Krassy \u2013 Radny<br \/>Robert Mr\u00f3z \u2013 Radny<br \/>Zbigniew Nowicki \u2013 Radny<br \/>Krystyna Ostrowska \u2013 Radny<br \/>Daniela Rudak \u2013 Radna<br \/>Jolanta Smyk \u2013 Radna<br \/>Gra\u017cyna Triska \u2013 Radna<br \/>Agnieszka Wo\u017aniak\u00a0 -Radna<\/span><\/p>\n<div>Sk\u0142ad Rady Gminy\u00a0<em>Kadencja 2006 \u2013 2010<\/em><\/div>\n<p>Marian Ka\u0142ka \u2013 Przewodnicz\u0105cy Rady Gminy<\/p>\n<p>Sylwester Mazurkiewicz \u2013 Zast\u0119pca Przewodnicz\u0105cego Rady<\/p>\n<p>Edward Bia\u0142kowski \u2013 Radny<\/p>\n<p>Bo\u017cena Jab\u0142o\u0144ska \u2013 Radna<\/p>\n<p>Piotr Kisiela \u2013 Radny<\/p>\n<p>Bogumi\u0142a Krupi\u0144ska \u2013 Radna<\/p>\n<p>Adam Libera \u2013 Radny<\/p>\n<p>Pawe\u0142 Mo\u0142czan \u2013 Radny<\/p>\n<p>Robert Mr\u00f3z \u2013 Radny<\/p>\n<p>Tomasz Paluszkiewicz \u2013 Radny<\/p>\n<p>Bronis\u0142aw Potocki \u2013 Radny<\/p>\n<p>Daniela Rudak \u2013 Radna<\/p>\n<p>Adam Skrzypa \u2013 Radny<\/p>\n<p>Marianna Szklarczuk \u2013 Radna<\/p>\n<p>Mariusz \u015awierszcz \u2013 Radny<\/p>\n<p>[\/et_pb_text][\/et_pb_column][et_pb_column type=&#8221;1_4&#8243; _builder_version=&#8221;3.29.3&#8243;][et_pb_sidebar orientation=&#8221;right&#8221; area=&#8221;sidebar-1&#8243; _builder_version=&#8221;4.3.4&#8243; header_text_align=&#8221;center&#8221; text_orientation=&#8221;center&#8221; width=&#8221;99.2%&#8221; custom_margin=&#8221;|-35px||||&#8221; custom_padding=&#8221;|||23px||&#8221; global_module=&#8221;3647&#8243; saved_tabs=&#8221;all&#8221;][\/et_pb_sidebar][\/et_pb_column][\/et_pb_row][\/et_pb_section][et_pb_section fb_built=&#8221;1&#8243; admin_label=&#8221;Reach Us Section&#8221; _builder_version=&#8221;4.0.2&#8243; use_background_color_gradient=&#8221;on&#8221; background_color_gradient_start=&#8221;#f2f7fc&#8221; background_color_gradient_end=&#8221;rgba(242,247,252,0.76)&#8221; background_color_gradient_start_position=&#8221;18%&#8221; background_color_gradient_overlays_image=&#8221;on&#8221; background_image=&#8221;https:\/\/tuplice.pl\/wp-content\/uploads\/2020\/02\/field-1246620_1920.jpg&#8221; custom_padding=&#8221;33px||85px||false|false&#8221;][et_pb_row admin_label=&#8221;Reach Us Area&#8221; _builder_version=&#8221;3.25&#8243; animation_style=&#8221;slide&#8221; animation_direction=&#8221;left&#8221; animation_duration=&#8221;1250ms&#8221; animation_delay=&#8221;500ms&#8221;][et_pb_column type=&#8221;4_4&#8243; _builder_version=&#8221;3.25&#8243; custom_padding=&#8221;|||&#8221; custom_padding__hover=&#8221;|||&#8221;][et_pb_text admin_label=&#8221;1&#8243; _builder_version=&#8221;4.0.2&#8243; header_2_font=&#8221;Quicksand|700|||||||&#8221; header_2_text_align=&#8221;center&#8221; header_2_text_color=&#8221;#e57a00&#8243; header_2_font_size=&#8221;40px&#8221; header_5_font_size=&#8221;15px&#8221; max_width=&#8221;550px&#8221; module_alignment=&#8221;center&#8221; custom_margin=&#8221;||0px|&#8221; header_2_font_size_tablet=&#8221;&#8221; header_2_font_size_phone=&#8221;30px&#8221; header_2_font_size_last_edited=&#8221;on|desktop&#8221;]<\/p>\n<h2>Kontakt<\/h2>\n<p>[\/et_pb_text][et_pb_divider color=&#8221;#e57a00&#8243; divider_style=&#8221;dotted&#8221; divider_position=&#8221;center&#8221; divider_weight=&#8221;4px&#8221; _builder_version=&#8221;3.19.3&#8243; max_width=&#8221;50px&#8221; module_alignment=&#8221;center&#8221; custom_margin=&#8221;-1px||20px|&#8221; animation_direction=&#8221;top&#8221;][\/et_pb_divider][et_pb_text _builder_version=&#8221;3.27.4&#8243; text_font=&#8221;Arimo||||||||&#8221; text_text_color=&#8221;#000000&#8243; text_font_size=&#8221;15px&#8221; text_line_height=&#8221;1.8em&#8221; header_5_font_size=&#8221;15px&#8221; text_orientation=&#8221;center&#8221; max_width=&#8221;550px&#8221; module_alignment=&#8221;center&#8221; custom_margin=&#8221;-13px||&#8221;]<\/p>\n<p>Excepteur sint occaecat cupidatat non proident sunt in culpa qui officia deserunt mollit anim id est laborum.<\/p>\n<p>[\/et_pb_text][\/et_pb_column][\/et_pb_row][et_pb_row column_structure=&#8221;1_3,1_3,1_3&#8243; _builder_version=&#8221;3.25&#8243; custom_padding=&#8221;0px||0px|||&#8221; animation_style=&#8221;slide&#8221; animation_direction=&#8221;right&#8221; animation_duration=&#8221;1250ms&#8221; animation_delay=&#8221;500ms&#8221;][et_pb_column type=&#8221;1_3&#8243; _builder_version=&#8221;3.25&#8243; custom_padding=&#8221;|||&#8221; custom_padding__hover=&#8221;|||&#8221;][et_pb_blurb title=&#8221;Adres&#8221; image=&#8221;https:\/\/tuplice.pl\/wp-content\/uploads\/2020\/02\/htyy55-1.png&#8221; image_max_width=&#8221;71px&#8221; admin_label=&#8221;1&#8243; _builder_version=&#8221;4.0.2&#8243; header_font=&#8221;Quicksand|700|||||||&#8221; header_text_color=&#8221;#e57a00&#8243; header_font_size=&#8221;20px&#8221; body_font=&#8221;Arimo||||||||&#8221; body_text_color=&#8221;#000000&#8243; body_font_size=&#8221;15px&#8221; body_line_height=&#8221;1.8em&#8221; background_color=&#8221;#ffffff&#8221; text_orientation=&#8221;center&#8221; custom_padding=&#8221;60px|30px|60px|30px&#8221; border_radii=&#8221;on|8px|8px|8px|8px&#8221; box_shadow_style=&#8221;preset2&#8243; box_shadow_horizontal=&#8221;0px&#8221; box_shadow_vertical=&#8221;15px&#8221; box_shadow_blur=&#8221;25px&#8221; box_shadow_color=&#8221;rgba(0,0,0,0.05)&#8221; custom_margin__hover_enabled=&#8221;on&#8221; custom_margin__hover=&#8221;-19px||&#8221; header_letter_spacing__hover_enabled=&#8221;on&#8221; header_letter_spacing__hover=&#8221;2px&#8221; background__hover_enabled=&#8221;on&#8221; background_color__hover=&#8221;#f2f7fc&#8221;]Mickiewicza 27<br \/>\n68-219 Tuplice[\/et_pb_blurb][\/et_pb_column][et_pb_column type=&#8221;1_3&#8243; _builder_version=&#8221;3.25&#8243; custom_padding=&#8221;|||&#8221; custom_padding__hover=&#8221;|||&#8221;][et_pb_blurb title=&#8221;Telefon&#8221; image=&#8221;https:\/\/tuplice.pl\/wp-content\/uploads\/2020\/02\/htyy55-2.png&#8221; image_max_width=&#8221;71px&#8221; admin_label=&#8221;1&#8243; _builder_version=&#8221;4.0.2&#8243; header_font=&#8221;Quicksand|700|||||||&#8221; header_text_color=&#8221;#e57a00&#8243; header_font_size=&#8221;20px&#8221; body_font=&#8221;Arimo||||||||&#8221; body_text_color=&#8221;#000000&#8243; body_font_size=&#8221;15px&#8221; body_line_height=&#8221;1.8em&#8221; background_color=&#8221;#ffffff&#8221; text_orientation=&#8221;center&#8221; custom_padding=&#8221;60px|30px|85px|30px|false|false&#8221; border_radii=&#8221;on|8px|8px|8px|8px&#8221; box_shadow_style=&#8221;preset2&#8243; box_shadow_horizontal=&#8221;0px&#8221; box_shadow_vertical=&#8221;15px&#8221; box_shadow_blur=&#8221;25px&#8221; box_shadow_color=&#8221;rgba(0,0,0,0.05)&#8221; background_color__hover=&#8221;#f2f7fc&#8221; custom_margin__hover_enabled=&#8221;on&#8221; custom_margin__hover=&#8221;-19px||&#8221; header_letter_spacing__hover_enabled=&#8221;on&#8221; header_letter_spacing__hover=&#8221;2px&#8221; background__hover_enabled=&#8221;on&#8221;]68 362 57 20[\/et_pb_blurb][\/et_pb_column][et_pb_column type=&#8221;1_3&#8243; _builder_version=&#8221;3.25&#8243; custom_padding=&#8221;|||&#8221; custom_padding__hover=&#8221;|||&#8221;][et_pb_blurb title=&#8221;Email&#8221; image=&#8221;https:\/\/tuplice.pl\/wp-content\/uploads\/2020\/02\/htyy55-3.png&#8221; image_max_width=&#8221;71px&#8221; admin_label=&#8221;1&#8243; _builder_version=&#8221;4.0.2&#8243; header_font=&#8221;Quicksand|700|||||||&#8221; header_text_color=&#8221;#e57a00&#8243; header_font_size=&#8221;20px&#8221; body_font=&#8221;Arimo||||||||&#8221; body_text_color=&#8221;#000000&#8243; body_font_size=&#8221;15px&#8221; body_line_height=&#8221;1.8em&#8221; background_color=&#8221;#ffffff&#8221; text_orientation=&#8221;center&#8221; custom_padding=&#8221;60px|30px|85px|30px|false|false&#8221; border_radii=&#8221;on|8px|8px|8px|8px&#8221; box_shadow_style=&#8221;preset2&#8243; box_shadow_horizontal=&#8221;0px&#8221; box_shadow_vertical=&#8221;15px&#8221; box_shadow_blur=&#8221;25px&#8221; box_shadow_color=&#8221;rgba(0,0,0,0.05)&#8221; background_color__hover=&#8221;#f2f7fc&#8221; custom_margin__hover_enabled=&#8221;on&#8221; custom_margin__hover=&#8221;-19px||&#8221; header_letter_spacing__hover_enabled=&#8221;on&#8221; header_letter_spacing__hover=&#8221;2px&#8221; background__hover_enabled=&#8221;on&#8221;]gmina(at)tuplice.pl[\/et_pb_blurb][\/et_pb_column][\/et_pb_row][\/et_pb_section][et_pb_section fb_built=&#8221;1&#8243; fullwidth=&#8221;on&#8221; _builder_version=&#8221;4.0.2&#8243;][et_pb_fullwidth_code _builder_version=&#8221;4.0.2&#8243;]<iframe loading=\"lazy\" src=\"https:\/\/www.google.com\/maps\/embed?pb=!1m14!1m8!1m3!1d9896.950641836056!2d14.8321652!3d51.6737927!3m2!1i1024!2i768!4f13.1!3m3!1m2!1s0x0%3A0xdfaf49a559e5887!2sUrz%C4%85d%20Gminy%20Tuplice!5e0!3m2!1spl!2spl!4v1580768327608!5m2!1spl!2spl\" width=\"2500\" height=\"400\" frameborder=\"0\" style=\"border:0;\" allowfullscreen=\"\"><\/iframe>[\/et_pb_fullwidth_code][\/et_pb_section]<\/p>\n<div class=\"pvc_clear\"><\/div>\n<p id=\"pvc_stats_38\" class=\"pvc_stats all  \" data-element-id=\"38\" style=\"\"><i class=\"pvc-stats-icon medium\" aria-hidden=\"true\"><svg aria-hidden=\"true\" focusable=\"false\" data-prefix=\"far\" data-icon=\"chart-bar\" role=\"img\" xmlns=\"http:\/\/www.w3.org\/2000\/svg\" viewBox=\"0 0 512 512\" class=\"svg-inline--fa fa-chart-bar fa-w-16 fa-2x\"><path fill=\"currentColor\" d=\"M396.8 352h22.4c6.4 0 12.8-6.4 12.8-12.8V108.8c0-6.4-6.4-12.8-12.8-12.8h-22.4c-6.4 0-12.8 6.4-12.8 12.8v230.4c0 6.4 6.4 12.8 12.8 12.8zm-192 0h22.4c6.4 0 12.8-6.4 12.8-12.8V140.8c0-6.4-6.4-12.8-12.8-12.8h-22.4c-6.4 0-12.8 6.4-12.8 12.8v198.4c0 6.4 6.4 12.8 12.8 12.8zm96 0h22.4c6.4 0 12.8-6.4 12.8-12.8V204.8c0-6.4-6.4-12.8-12.8-12.8h-22.4c-6.4 0-12.8 6.4-12.8 12.8v134.4c0 6.4 6.4 12.8 12.8 12.8zM496 400H48V80c0-8.84-7.16-16-16-16H16C7.16 64 0 71.16 0 80v336c0 17.67 14.33 32 32 32h464c8.84 0 16-7.16 16-16v-16c0-8.84-7.16-16-16-16zm-387.2-48h22.4c6.4 0 12.8-6.4 12.8-12.8v-70.4c0-6.4-6.4-12.8-12.8-12.8h-22.4c-6.4 0-12.8 6.4-12.8 12.8v70.4c0 6.4 6.4 12.8 12.8 12.8z\" class=\"\"><\/path><\/svg><\/i> <img decoding=\"async\" loading=\"lazy\" width=\"16\" height=\"16\" alt=\"Loading\" src=\"https:\/\/tuplice.pl\/wp-content\/plugins\/page-views-count\/ajax-loader-2x.gif\" border=0 \/><\/p>\n<div class=\"pvc_clear\"><\/div>\n","protected":false},"excerpt":{"rendered":"<p>[et_pb_section fb_built=&#8221;1&#8243; _builder_version=&#8221;3.29.3&#8243; use_background_color_gradient=&#8221;on&#8221; background_color_gradient_start=&#8221;rgba(255,255,255,0.58)&#8221; background_color_gradient_end=&#8221;rgba(255,255,255,0)&#8221; background_color_gradient_end_position=&#8221;58%&#8221; background_image=&#8221;https:\/\/tuplice.pl\/wp-content\/uploads\/2020\/02\/DSC05037.jpg&#8221; background_blend=&#8221;overlay&#8221; custom_padding=&#8221;30px|0px|49px|0px|false|false&#8221; bottom_divider_style=&#8221;wave2&#8243; bottom_divider_color=&#8221;#f7f7f7&#8243; bottom_divider_height=&#8221;35px&#8221; bottom_divider_repeat=&#8221;13x&#8221;][et_pb_row use_custom_gutter=&#8221;on&#8221; gutter_width=&#8221;2&#8243; custom_padding_last_edited=&#8221;on|desktop&#8221; _builder_version=&#8221;4.0.2&#8243; custom_padding=&#8221;78px|0px|78px|0px|true|false&#8221; custom_padding_tablet=&#8221;&#8221; custom_padding_phone=&#8221;50px||50px||true&#8221; animation_style=&#8221;slide&#8221; animation_direction=&#8221;right&#8221; animation_duration=&#8221;1500ms&#8221;][et_pb_column type=&#8221;4_4&#8243; _builder_version=&#8221;3.25&#8243; custom_padding=&#8221;|||&#8221; custom_padding__hover=&#8221;|||&#8221;][et_pb_text _builder_version=&#8221;3.29.3&#8243; text_font=&#8221;Arimo||||||||&#8221; text_text_color=&#8221;#5499D4&#8243; text_font_size=&#8221;15px&#8221; header_font=&#8221;Quicksand|700|||||||&#8221; header_text_align=&#8221;left&#8221; header_text_color=&#8221;#ffffff&#8221; header_font_size=&#8221;60px&#8221; header_line_height=&#8221;1.3em&#8221; header_5_font_size=&#8221;15px&#8221; custom_margin=&#8221;-14px||&#8221; header_font_size_tablet=&#8221;&#8221; header_font_size_phone=&#8221;40px&#8221; header_font_size_last_edited=&#8221;on|desktop&#8221;] Rada Gminy Tuplice [\/et_pb_text][\/et_pb_column][\/et_pb_row][\/et_pb_section][et_pb_section fb_built=&#8221;1&#8243; _builder_version=&#8221;3.29.3&#8243; background_color=&#8221;#f7f7f7&#8243; module_alignment=&#8221;center&#8221; custom_margin=&#8221;3%||||false|false&#8221; custom_padding=&#8221;0px|||||&#8221;][et_pb_row column_structure=&#8221;3_4,1_4&#8243; use_custom_gutter=&#8221;on&#8221; gutter_width=&#8221;2&#8243; [&hellip;]<\/p>\n<div class=\"pvc_clear\"><\/div>\n<p id=\"pvc_stats_38\" class=\"pvc_stats all  \" data-element-id=\"38\" style=\"\"><i class=\"pvc-stats-icon medium\" aria-hidden=\"true\"><svg aria-hidden=\"true\" focusable=\"false\" data-prefix=\"far\" data-icon=\"chart-bar\" role=\"img\" xmlns=\"http:\/\/www.w3.org\/2000\/svg\" viewBox=\"0 0 512 512\" class=\"svg-inline--fa fa-chart-bar fa-w-16 fa-2x\"><path fill=\"currentColor\" d=\"M396.8 352h22.4c6.4 0 12.8-6.4 12.8-12.8V108.8c0-6.4-6.4-12.8-12.8-12.8h-22.4c-6.4 0-12.8 6.4-12.8 12.8v230.4c0 6.4 6.4 12.8 12.8 12.8zm-192 0h22.4c6.4 0 12.8-6.4 12.8-12.8V140.8c0-6.4-6.4-12.8-12.8-12.8h-22.4c-6.4 0-12.8 6.4-12.8 12.8v198.4c0 6.4 6.4 12.8 12.8 12.8zm96 0h22.4c6.4 0 12.8-6.4 12.8-12.8V204.8c0-6.4-6.4-12.8-12.8-12.8h-22.4c-6.4 0-12.8 6.4-12.8 12.8v134.4c0 6.4 6.4 12.8 12.8 12.8zM496 400H48V80c0-8.84-7.16-16-16-16H16C7.16 64 0 71.16 0 80v336c0 17.67 14.33 32 32 32h464c8.84 0 16-7.16 16-16v-16c0-8.84-7.16-16-16-16zm-387.2-48h22.4c6.4 0 12.8-6.4 12.8-12.8v-70.4c0-6.4-6.4-12.8-12.8-12.8h-22.4c-6.4 0-12.8 6.4-12.8 12.8v70.4c0 6.4 6.4 12.8 12.8 12.8z\" class=\"\"><\/path><\/svg><\/i> <img decoding=\"async\" loading=\"lazy\" width=\"16\" height=\"16\" alt=\"Loading\" src=\"https:\/\/tuplice.pl\/wp-content\/plugins\/page-views-count\/ajax-loader-2x.gif\" border=0 \/><\/p>\n<div class=\"pvc_clear\"><\/div>\n","protected":false},"author":1,"featured_media":0,"parent":0,"menu_order":0,"comment_status":"closed","ping_status":"closed","template":"","meta":{"_et_pb_use_builder":"on","_et_pb_old_content":"","_et_gb_content_width":"","_monsterinsights_skip_tracking":false,"_monsterinsights_sitenote_active":false,"_monsterinsights_sitenote_note":"","_monsterinsights_sitenote_category":0},"aioseo_notices":[],"_links":{"self":[{"href":"https:\/\/tuplice.pl\/index.php\/wp-json\/wp\/v2\/pages\/38"}],"collection":[{"href":"https:\/\/tuplice.pl\/index.php\/wp-json\/wp\/v2\/pages"}],"about":[{"href":"https:\/\/tuplice.pl\/index.php\/wp-json\/wp\/v2\/types\/page"}],"author":[{"embeddable":true,"href":"https:\/\/tuplice.pl\/index.php\/wp-json\/wp\/v2\/users\/1"}],"replies":[{"embeddable":true,"href":"https:\/\/tuplice.pl\/index.php\/wp-json\/wp\/v2\/comments?post=38"}],"version-history":[{"count":7,"href":"https:\/\/tuplice.pl\/index.php\/wp-json\/wp\/v2\/pages\/38\/revisions"}],"predecessor-version":[{"id":5159,"href":"https:\/\/tuplice.pl\/index.php\/wp-json\/wp\/v2\/pages\/38\/revisions\/5159"}],"wp:attachment":[{"href":"https:\/\/tuplice.pl\/index.php\/wp-json\/wp\/v2\/media?parent=38"}],"curies":[{"name":"wp","href":"https:\/\/api.w.org\/{rel}","templated":true}]}}