{"id":4584,"date":"2022-11-03T14:16:31","date_gmt":"2022-11-03T13:16:31","guid":{"rendered":"https:\/\/tuplice.pl\/?page_id=4584"},"modified":"2026-01-12T12:37:23","modified_gmt":"2026-01-12T11:37:23","slug":"czyste_powitrze","status":"publish","type":"page","link":"https:\/\/tuplice.pl\/index.php\/czyste_powitrze\/","title":{"rendered":"Program Czyste powietrze w Gminie Tuplice"},"content":{"rendered":"<p>[et_pb_section fb_built=&#8221;1&#8243; admin_label=&#8221;section&#8221; _builder_version=&#8221;3.22&#8243;][et_pb_row admin_label=&#8221;row&#8221; _builder_version=&#8221;3.25&#8243; background_size=&#8221;initial&#8221; background_position=&#8221;top_left&#8221; background_repeat=&#8221;repeat&#8221;][et_pb_column type=&#8221;4_4&#8243; _builder_version=&#8221;3.25&#8243; custom_padding=&#8221;|||&#8221; custom_padding__hover=&#8221;|||&#8221;][et_pb_text admin_label=&#8221;Text&#8221; _builder_version=&#8221;4.3.4&#8243; background_size=&#8221;initial&#8221; background_position=&#8221;top_left&#8221; background_repeat=&#8221;repeat&#8221; hover_enabled=&#8221;0&#8243;]<\/p>\n<h4>Komunikat WFO\u015aiGW w sprawie pomp ciep\u0142a.<\/h4>\n<p><strong>Sprawd\u017a ofert\u0119 na swoje nowe \u017ar\u00f3d\u0142o ciep\u0142a!<\/strong><\/p>\n<p>&nbsp;<\/p>\n<p>24 lipca 2023 r.<\/p>\n<p><strong>Prosimy naszych Wnioskodawc\u00f3w i Beneficjent\u00f3w o rozwag\u0119 w wyborze dostawcy i firmy instalacyjnej do wykonania wymiany \u017ar\u00f3d\u0142a ciep\u0142a z dofinansowaniem programu\u00a0 \u201eCzyste Powietrze\u201d.<\/strong><\/p>\n<p><strong>P\u0142acicie Pa\u0144stwo za zakup i monta\u017c nowego \u017ar\u00f3d\u0142a ciep\u0142a np. pompy ciep\u0142a<br \/> \u2013 i refinansujecie zrealizowane zadanie z przyznanej i nale\u017cnej Wam dotacji w ramach programu \u201eCzyste Powietrze\u201d!<\/strong><\/p>\n<p>Niestety, zdarzaj\u0105 si\u0119 na rynku us\u0142ug nieuczciwy wykonawcy, kt\u00f3rzy oferuj\u0105 us\u0142ugi i produkty niskiej jako\u015bci oraz zawy\u017caj\u0105 ceny.<\/p>\n<p>Zwracamy uwag\u0119, \u017ce wyb\u00f3r firmy sprzedaj\u0105cej urz\u0105dzenie jak i wykonuj\u0105cej jego monta\u017c nale\u017cy do Pa\u0144stwa &#8211; naszych Wnioskodawc\u00f3w i Beneficjent\u00f3w.<\/p>\n<p><strong>Prosimy Pa\u0144stwa o ostro\u017cno\u015b\u0107 i rozwag\u0119, w szczeg\u00f3lno\u015bci w przypadku \u00a0oferty akwizytor\u00f3w na instalacj\u0119 \u017ar\u00f3d\u0142a ciep\u0142a, w tym POMPY CIEP\u0141A. Nieuczciwi sprzedawcy proponuj\u0105 niedopasowane do Waszego domu i\u00a0potrzeb &#8211; niskiej jako\u015bci urz\u0105dzenia, kt\u00f3re w okresie grzewczym zu\u017cywaj\u0105 du\u017co pr\u0105du, a ich trwa\u0142o\u015b\u0107 i jako\u015b\u0107 jest s\u0142aba. <\/strong><\/p>\n<p>Prosimy o dok\u0142adne i uwa\u017cne sprawdzenie firmy i jej oferty jeszcze przed podpisaniem umowy, w szczeg\u00f3lno\u015bci je\u015bli maj\u0105 Pa\u0144stwo jakiekolwiek w\u0105tpliwo\u015bci co do:<\/p>\n<p>&#8211; oferowanej ceny us\u0142ugi i produktu,<\/p>\n<p>&#8211; oferowanych parametr\u00f3w urz\u0105dzenia lub instalacji,<\/p>\n<p>&#8211; oferowanych warunk\u00f3w serwisowych i gwarancji.<\/p>\n<p>Prosimy o uwa\u017cno\u015b\u0107 i podejmowanie decyzji bez po\u015bpiechu, w konsultacji z gminnym punktem konsultacyjno \u2013 informacyjnym, so\u0142tysem lub regionalnie funkcjonuj\u0105cym wfo\u015bigw. Warto sprawdzi\u0107 parametry urz\u0105dzenia i jego rzeczywist\u0105 cen\u0119 w internecie. Mo\u017cna tak\u017ce porozmawia\u0107 ze znajomymi i s\u0105siadami, kt\u00f3rzy taki proces inwestycyjny maj\u0105 ju\u017c za sob\u0105. Warto te\u017c skorzysta\u0107 z funkcjonuj\u0105cej w ramach programu \u201eCzyste Powietrze\u201d tzw. listy ZUM (listy zielonych urz\u0105dze\u0144 i materia\u0142\u00f3w) &#8211; dost\u0119pnej online pod adresem <a href=\"https:\/\/lista-zum.ios.edu.pl\/\">https:\/\/lista-zum.ios.edu.pl\/<\/a>, kt\u00f3ra zawiera zweryfikowane urz\u0105dzenia i materia\u0142y o potwierdzonej jako\u015bci.<\/p>\n<p>Przede wszystkim warto wsp\u00f3\u0142pracowa\u0107 z firmami poleconymi i znanymi na lokalnym rynku.<\/p>\n<p>Prawid\u0142owo zrealizowana inwestycja z dotacj\u0105 z programu \u201eCzyste Powietrze\u201d to ni\u017csze koszty ciep\u0142a w Waszych domach, a tym samym ni\u017csze wydatki na ogrzewanie.<\/p>\n<p>Zale\u017cy nam na Pa\u0144stwa bezpiecze\u0144stwie i wy\u0142\u0105cznie korzy\u015bciach uzyskanych z programu \u201eCzyste Powietrze\u201d.<\/p>\n<p>\u017byczymy Pa\u0144stwu spotka\u0144 wy\u0142\u0105cznie z rzetelnymi firmami i satysfakcji ze zrealizowanej inwestycji!<\/p>\n<p>&nbsp;<\/p>\n<p>uwaga dodatkowa:<\/p>\n<p>Narodowy Fundusz Ochrony \u015arodowiska i Gospodarki Wodnej (NFO\u015aiGW) nie promuje konkretnych firm sprzedaj\u0105cych urz\u0105dzenia, instalacyjnych oraz wykonawczych.<\/p>\n<p>Pa\u0144stwa nieufno\u015b\u0107 powinno wzbudzi\u0107 powo\u0142ywanie si\u0119 firmy na partnerstwo z NFO\u015aiGW w programie priorytetowym \u201eCzyste Powietrze\u201d, co nie ma uzasadnienia w praktyce. Bezpo\u015brednimi partnerami operacyjnymi w programie \u201eCzyste Powietrze\u201d w odniesieniu do NFO\u015aiGW s\u0105 wojew\u00f3dzkie fundusze ochrony \u015brodowiska<br \/> i gospodarki wodnej (wfo\u015bigw) oraz GMINY (w programie \u201eCzyste Powietrze\u201d uczestniczy ponad 86% gmin<br \/> w skali Polski), a tak\u017ce wybrane banki, wskazane na stronie internetowej: czystepowietrze.gov.pl .<\/p>\n<p>&nbsp;<\/p>\n<p>&#8212;&#8212;&#8212;&#8212;&#8212;&#8212;&#8212;&#8212;&#8212;&#8212;&#8212;&#8212;&#8212;&#8212;&#8212;&#8212;&#8212;&#8212;&#8212;&#8212;&#8212;&#8212;&#8212;&#8212;&#8212;&#8212;&#8212;&#8212;&#8212;&#8212;&#8212;&#8212;&#8212;&#8212;&#8212;&#8212;&#8212;&#8212;&#8212;&#8212;&#8212;&#8212;&#8212;&#8212;&#8212;&#8212;&#8212;&#8212;&#8212;&#8212;&#8212;&#8212;&#8212;&#8212;&#8212;&#8212;&#8212;&#8212;&#8211;<\/p>\n<p>&nbsp;<\/p>\n<table style=\"width: 766.033px;\">\n<tbody>\n<tr>\n<td style=\"width: 147px;\">\n<p style=\"text-align: center;\"><strong>Gmina<\/strong><\/p>\n<\/td>\n<td style=\"width: 105px;\"><strong>Liczba z\u0142o\u017conych wniosk\u00f3w o dofinansowanie [szt.]<\/strong><\/td>\n<td style=\"width: 167px;\"><strong>Liczba zawartych um\u00f3w o dofinansowanie [szt.]<\/strong><\/td>\n<td style=\"width: 162px;\"><strong>Kwota wyp\u0142aconych dotacji dla przedsi\u0119wzi\u0119\u0107 z terenu Gminy<\/strong><\/td>\n<td style=\"width: 240.033px;\"><strong>Liczba zrealizowanych przedsi\u0119wzi\u0119\u0107 [szt.]<\/strong><\/td>\n<\/tr>\n<tr>\n<td style=\"width: 147px;\"><strong>Tuplice<\/strong><\/td>\n<td style=\"width: 105px;\">94<\/td>\n<td style=\"width: 167px;\">86<\/td>\n<td style=\"width: 162px;\">1 397 146,89<\/td>\n<td style=\"width: 240.033px;\"><strong>61<\/strong><\/td>\n<\/tr>\n<\/tbody>\n<\/table>\n<p>&nbsp;<\/p>\n<p>&nbsp;<\/p>\n<p>Stan na dzie\u0144\u00a0 31.12.2025 rok<\/p>\n<h3><\/h3>\n<h3><\/h3>\n<h3><\/h3>\n<h3>Wi\u0119cej informacji o programie na stronie <a href=\"https:\/\/www.czystepowietrze.gov.pl\/\"><a href='https:\/\/www.czystepowietrze.gov.pl\/' class='small-button smallblue' target=\"_blank\">Czyste powietrze<\/a> <\/a><\/h3>\n<p>&nbsp;<\/p>\n<p>&#8212;&#8212;&#8212;&#8212;&#8212;&#8212;&#8212;&#8212;&#8212;&#8212;&#8212;&#8212;&#8212;&#8212;&#8212;&#8212;&#8212;&#8212;&#8212;&#8212;&#8212;&#8212;&#8212;&#8212;&#8212;&#8212;&#8212;&#8212;&#8212;&#8212;&#8212;&#8212;&#8212;&#8212;&#8212;&#8212;&#8212;&#8212;&#8212;&#8212;&#8212;&#8212;&#8212;&#8212;&#8212;&#8212;&#8212;&#8212;&#8212;&#8212;&#8212;&#8212;&#8212;&#8212;&#8212;&#8212;&#8212;&#8212;&#8212;-<\/p>\n<p>&nbsp;<\/p>\n<p><a href=\"https:\/\/tuplice.pl\/wp-content\/uploads\/2025\/10\/image001.png\"><img decoding=\"async\" loading=\"lazy\" class=\"aligncenter wp-image-6501 size-full\" src=\"https:\/\/tuplice.pl\/wp-content\/uploads\/2025\/10\/image001.png\" alt=\"\" width=\"1276\" height=\"231\" srcset=\"https:\/\/tuplice.pl\/wp-content\/uploads\/2025\/10\/image001.png 1276w, https:\/\/tuplice.pl\/wp-content\/uploads\/2025\/10\/image001-980x177.png 980w, https:\/\/tuplice.pl\/wp-content\/uploads\/2025\/10\/image001-480x87.png 480w\" sizes=\"(min-width: 0px) and (max-width: 480px) 480px, (min-width: 481px) and (max-width: 980px) 980px, (min-width: 981px) 1276px, 100vw\" \/><\/a><a href=\"https:\/\/tuplice.pl\/wp-content\/uploads\/2025\/10\/image002-1.png\"><img decoding=\"async\" loading=\"lazy\" class=\"wp-image-6502 aligncenter size-full\" src=\"https:\/\/tuplice.pl\/wp-content\/uploads\/2025\/10\/image002-1.png\" alt=\"\" width=\"880\" height=\"298\" srcset=\"https:\/\/tuplice.pl\/wp-content\/uploads\/2025\/10\/image002-1.png 880w, https:\/\/tuplice.pl\/wp-content\/uploads\/2025\/10\/image002-1-480x163.png 480w\" sizes=\"(min-width: 0px) and (max-width: 480px) 480px, (min-width: 481px) 880px, 100vw\" \/><\/a><\/p>\n<p>&nbsp;<\/p>\n<p><img decoding=\"async\" loading=\"lazy\" class=\"wp-image-5145 aligncenter size-full\" src=\"https:\/\/tuplice.pl\/wp-content\/uploads\/2024\/06\/image001.png\" alt=\"\" width=\"738\" height=\"842\" srcset=\"https:\/\/tuplice.pl\/wp-content\/uploads\/2024\/06\/image001.png 738w, https:\/\/tuplice.pl\/wp-content\/uploads\/2024\/06\/image001-480x548.png 480w\" sizes=\"(min-width: 0px) and (max-width: 480px) 480px, (min-width: 481px) 738px, 100vw\" \/><\/p>\n<hr \/>\n<p><strong>Czasowe zawieszenie wybranych kot\u0142\u00f3w na pellet na Li\u015bcie ZUM<\/strong><\/p>\n<p><strong>Ministerstwo Klimatu i \u015arodowiska informuje, \u017ce w zwi\u0105zku z podejrzeniami narusze\u0144, dotycz\u0105cymi braku zgodno\u015bci z wymogami regulaminu programu Czyste Powietrze, czasowo zawieszono wybrane kot\u0142y na pellet znajduj\u0105ce si\u0119 na Li\u015bcie Zielonych Urz\u0105dze\u0144 i Materia\u0142\u00f3w (lista ZUM).\u00a0<\/strong><\/p>\n<p>Decyzja o czasowym zawieszeniu zosta\u0142a podj\u0119ta przez Instytut Ochrony \u015arodowiska \u2013 Pa\u0144stwowy Instytut Badawczy (IO\u015a-PIB) we wsp\u00f3\u0142pracy z Narodowym Funduszem Ochrony \u015arodowiska i Gospodarki Wodnej, na podstawie publicznie zg\u0142aszanych podejrze\u0144, \u017ce wybrane kot\u0142y na pellet mog\u0105 umo\u017cliwia\u0107 instalacj\u0119 niedozwolonego elementu jakim jest ruszt awaryjny. Stanowi to naruszenie zasad programu Czyste Powietrze oraz regulaminu listy ZUM. Zawieszenie dotyczy 31 pozycji na li\u015bcie ZUM na 2561 kot\u0142\u00f3w, na kt\u00f3rych mo\u017cliwe jest otrzymanie dofinansowania z NFO\u015aiGW.<\/p>\n<p>Producenci maj\u0105 mo\u017cliwo\u015b\u0107 z\u0142o\u017cenia uzupe\u0142nionej dokumentacji oraz przedstawienia dodatkowych wyja\u015bnie\u0144 w celu przywr\u00f3cenia urz\u0105dze\u0144 na list\u0119. Proces ten odbywa si\u0119 zgodnie z zasadami transparentno\u015bci i r\u00f3wnego traktowania wszystkich podmiot\u00f3w.<\/p>\n<p>Lista ZUM jest kluczowym narz\u0119dziem wspieraj\u0105cym realizacj\u0119 programu Czyste Powietrze i b\u0119dzie na bie\u017c\u0105co aktualizowana w oparciu o wyniki weryfikacji technicznej i \u015brodowiskowej.<\/p>\n<p>Zmiany regulaminu listy ZUM wprowadzone od 29 kwietnia 2025 r. wprowadzi\u0142y obowi\u0105zek pisemnego o\u015bwiadczenia producenta, \u017ce kocio\u0142 nie ma mo\u017cliwo\u015bci monta\u017cu rusztu awaryjnego.<\/p>\n<p>Spalanie nieprzeznaczonych paliw w kotle na pellet przy u\u017cyciu rusztu awaryjnego, zmienia parametry procesu, powoduj\u0105c wysokie emisje py\u0142\u00f3w i zanieczyszcze\u0144, co niweczy cele ekologiczne programu. Dodatkowo takie rozwi\u0105zanie wprowadza konsument\u00f3w w b\u0142\u0105d, gdy\u017c kot\u0142y sprzedawane jako ekologiczne mog\u0105 w rzeczywisto\u015bci dzia\u0142a\u0107 jak tradycyjne \u201ekopciuchy\u201d, co jest niezgodne z ide\u0105 transformacji energetycznej.<\/p>\n<p>W ramach najbli\u017cszej aktualizacji regulaminu listy ZUM wprowadzone zostan\u0105 r\u00f3wnie\u017c dodatkowe mechanizmy zabezpieczaj\u0105ce przed wpisywaniem urz\u0105dze\u0144, kt\u00f3re nie spe\u0142niaj\u0105 wymog\u00f3w programu Czyste Powietrze. Brak mo\u017cliwo\u015bci instalacji rusztu awaryjnego b\u0119dzie musia\u0142 by\u0107 potwierdzony przez niezale\u017cne laboratorium akredytowane do bada\u0144 kot\u0142\u00f3w. Natomiast w przypadku po\u015bwiadczenia nieprawdziwych informacji przez producenta urz\u0105dzenia wpisywanego na list\u0119 ZUM, wszystkie urz\u0105dzenia tego producenta b\u0119d\u0105 podlega\u0142y wykluczeniu z listy na okres co najmniej 2 lat.<\/p>\n<p>&nbsp;<\/p>\n<p>[\/et_pb_text][\/et_pb_column][\/et_pb_row][\/et_pb_section]<\/p>\n<div class=\"pvc_clear\"><\/div>\n<p id=\"pvc_stats_4584\" class=\"pvc_stats all  \" data-element-id=\"4584\" style=\"\"><i class=\"pvc-stats-icon medium\" aria-hidden=\"true\"><svg aria-hidden=\"true\" focusable=\"false\" data-prefix=\"far\" data-icon=\"chart-bar\" role=\"img\" xmlns=\"http:\/\/www.w3.org\/2000\/svg\" viewBox=\"0 0 512 512\" class=\"svg-inline--fa fa-chart-bar fa-w-16 fa-2x\"><path fill=\"currentColor\" d=\"M396.8 352h22.4c6.4 0 12.8-6.4 12.8-12.8V108.8c0-6.4-6.4-12.8-12.8-12.8h-22.4c-6.4 0-12.8 6.4-12.8 12.8v230.4c0 6.4 6.4 12.8 12.8 12.8zm-192 0h22.4c6.4 0 12.8-6.4 12.8-12.8V140.8c0-6.4-6.4-12.8-12.8-12.8h-22.4c-6.4 0-12.8 6.4-12.8 12.8v198.4c0 6.4 6.4 12.8 12.8 12.8zm96 0h22.4c6.4 0 12.8-6.4 12.8-12.8V204.8c0-6.4-6.4-12.8-12.8-12.8h-22.4c-6.4 0-12.8 6.4-12.8 12.8v134.4c0 6.4 6.4 12.8 12.8 12.8zM496 400H48V80c0-8.84-7.16-16-16-16H16C7.16 64 0 71.16 0 80v336c0 17.67 14.33 32 32 32h464c8.84 0 16-7.16 16-16v-16c0-8.84-7.16-16-16-16zm-387.2-48h22.4c6.4 0 12.8-6.4 12.8-12.8v-70.4c0-6.4-6.4-12.8-12.8-12.8h-22.4c-6.4 0-12.8 6.4-12.8 12.8v70.4c0 6.4 6.4 12.8 12.8 12.8z\" class=\"\"><\/path><\/svg><\/i> <img decoding=\"async\" loading=\"lazy\" width=\"16\" height=\"16\" alt=\"Loading\" src=\"https:\/\/tuplice.pl\/wp-content\/plugins\/page-views-count\/ajax-loader-2x.gif\" border=0 \/><\/p>\n<div class=\"pvc_clear\"><\/div>\n","protected":false},"excerpt":{"rendered":"<p>[et_pb_section fb_built=&#8221;1&#8243; admin_label=&#8221;section&#8221; _builder_version=&#8221;3.22&#8243;][et_pb_row admin_label=&#8221;row&#8221; _builder_version=&#8221;3.25&#8243; background_size=&#8221;initial&#8221; background_position=&#8221;top_left&#8221; background_repeat=&#8221;repeat&#8221;][et_pb_column type=&#8221;4_4&#8243; _builder_version=&#8221;3.25&#8243; custom_padding=&#8221;|||&#8221; custom_padding__hover=&#8221;|||&#8221;][et_pb_text admin_label=&#8221;Text&#8221; _builder_version=&#8221;4.3.4&#8243; background_size=&#8221;initial&#8221; background_position=&#8221;top_left&#8221; background_repeat=&#8221;repeat&#8221; hover_enabled=&#8221;0&#8243;] Komunikat WFO\u015aiGW w sprawie pomp ciep\u0142a. Sprawd\u017a ofert\u0119 na swoje nowe \u017ar\u00f3d\u0142o ciep\u0142a! &nbsp; 24 lipca 2023 r. Prosimy naszych Wnioskodawc\u00f3w i Beneficjent\u00f3w o rozwag\u0119 w wyborze dostawcy i firmy instalacyjnej do wykonania wymiany \u017ar\u00f3d\u0142a ciep\u0142a [&hellip;]<\/p>\n<div class=\"pvc_clear\"><\/div>\n<p id=\"pvc_stats_4584\" class=\"pvc_stats all  \" data-element-id=\"4584\" style=\"\"><i class=\"pvc-stats-icon medium\" aria-hidden=\"true\"><svg aria-hidden=\"true\" focusable=\"false\" data-prefix=\"far\" data-icon=\"chart-bar\" role=\"img\" xmlns=\"http:\/\/www.w3.org\/2000\/svg\" viewBox=\"0 0 512 512\" class=\"svg-inline--fa fa-chart-bar fa-w-16 fa-2x\"><path fill=\"currentColor\" d=\"M396.8 352h22.4c6.4 0 12.8-6.4 12.8-12.8V108.8c0-6.4-6.4-12.8-12.8-12.8h-22.4c-6.4 0-12.8 6.4-12.8 12.8v230.4c0 6.4 6.4 12.8 12.8 12.8zm-192 0h22.4c6.4 0 12.8-6.4 12.8-12.8V140.8c0-6.4-6.4-12.8-12.8-12.8h-22.4c-6.4 0-12.8 6.4-12.8 12.8v198.4c0 6.4 6.4 12.8 12.8 12.8zm96 0h22.4c6.4 0 12.8-6.4 12.8-12.8V204.8c0-6.4-6.4-12.8-12.8-12.8h-22.4c-6.4 0-12.8 6.4-12.8 12.8v134.4c0 6.4 6.4 12.8 12.8 12.8zM496 400H48V80c0-8.84-7.16-16-16-16H16C7.16 64 0 71.16 0 80v336c0 17.67 14.33 32 32 32h464c8.84 0 16-7.16 16-16v-16c0-8.84-7.16-16-16-16zm-387.2-48h22.4c6.4 0 12.8-6.4 12.8-12.8v-70.4c0-6.4-6.4-12.8-12.8-12.8h-22.4c-6.4 0-12.8 6.4-12.8 12.8v70.4c0 6.4 6.4 12.8 12.8 12.8z\" class=\"\"><\/path><\/svg><\/i> <img decoding=\"async\" loading=\"lazy\" width=\"16\" height=\"16\" alt=\"Loading\" src=\"https:\/\/tuplice.pl\/wp-content\/plugins\/page-views-count\/ajax-loader-2x.gif\" border=0 \/><\/p>\n<div class=\"pvc_clear\"><\/div>\n","protected":false},"author":3,"featured_media":0,"parent":0,"menu_order":0,"comment_status":"closed","ping_status":"closed","template":"","meta":{"_et_pb_use_builder":"on","_et_pb_old_content":"<table style=\"width: 766.033px;\">\r\n<tbody>\r\n<tr>\r\n<td style=\"width: 147px;\">\r\n<p style=\"text-align: center;\"><strong>Gmina<\/strong><\/p>\r\n<\/td>\r\n<td style=\"width: 105px;\"><strong>Liczba z\u0142o\u017conych wniosk\u00f3w o dofinansowanie [szt.]<\/strong><\/td>\r\n<td style=\"width: 167px;\"><strong>Liczba zawartych um\u00f3w o dofinansowanie [szt.]<\/strong><\/td>\r\n<td style=\"width: 162px;\"><strong>Kwota wyp\u0142aconych dotacji dla przedsi\u0119wzi\u0119\u0107 z terenu Gminy<\/strong><\/td>\r\n<td style=\"width: 240.033px;\"><strong>Liczba zrealizowanych przedsi\u0119wzi\u0119\u0107 [szt.]<\/strong><\/td>\r\n<\/tr>\r\n<tr>\r\n<td style=\"width: 147px;\"><strong>Tuplice<\/strong><\/td>\r\n<td style=\"width: 105px;\"><strong>41<\/strong><\/td>\r\n<td style=\"width: 167px;\"><strong>38<\/strong><\/td>\r\n<td style=\"width: 162px;\"><strong>268 027,21 z\u0142<\/strong><\/td>\r\n<td style=\"width: 240.033px;\"><strong>24<\/strong><\/td>\r\n<\/tr>\r\n<\/tbody>\r\n<\/table>\r\n\u00a0\r\n<h3>Wi\u0119cej informacji o programie na stronie <a href=\"https:\/\/www.czystepowietrze.gov.pl\/\">[button link=\"https:\/\/www.czystepowietrze.gov.pl\/\" newwindow=\"yes\"] Czyste powietrze[\/button] <\/a><\/h3>\r\n\u00a0\r\n\r\n\u00a0","_et_gb_content_width":"","_monsterinsights_skip_tracking":false,"_monsterinsights_sitenote_active":false,"_monsterinsights_sitenote_note":"","_monsterinsights_sitenote_category":0},"aioseo_notices":[],"_links":{"self":[{"href":"https:\/\/tuplice.pl\/index.php\/wp-json\/wp\/v2\/pages\/4584"}],"collection":[{"href":"https:\/\/tuplice.pl\/index.php\/wp-json\/wp\/v2\/pages"}],"about":[{"href":"https:\/\/tuplice.pl\/index.php\/wp-json\/wp\/v2\/types\/page"}],"author":[{"embeddable":true,"href":"https:\/\/tuplice.pl\/index.php\/wp-json\/wp\/v2\/users\/3"}],"replies":[{"embeddable":true,"href":"https:\/\/tuplice.pl\/index.php\/wp-json\/wp\/v2\/comments?post=4584"}],"version-history":[{"count":23,"href":"https:\/\/tuplice.pl\/index.php\/wp-json\/wp\/v2\/pages\/4584\/revisions"}],"predecessor-version":[{"id":6641,"href":"https:\/\/tuplice.pl\/index.php\/wp-json\/wp\/v2\/pages\/4584\/revisions\/6641"}],"wp:attachment":[{"href":"https:\/\/tuplice.pl\/index.php\/wp-json\/wp\/v2\/media?parent=4584"}],"curies":[{"name":"wp","href":"https:\/\/api.w.org\/{rel}","templated":true}]}}