{"id":6845,"date":"2026-04-21T14:11:34","date_gmt":"2026-04-21T12:11:34","guid":{"rendered":"https:\/\/tuplice.pl\/?page_id=6845"},"modified":"2026-04-21T14:11:38","modified_gmt":"2026-04-21T12:11:38","slug":"aplikacja-gdzie-sie-ukryc","status":"publish","type":"page","link":"https:\/\/tuplice.pl\/index.php\/aplikacja-gdzie-sie-ukryc\/","title":{"rendered":"Aplikacja &#8211; &#8222;Gdzie si\u0119 ukry\u0107&#8221;"},"content":{"rendered":"<p>[et_pb_section fb_built=&#8221;1&#8243; _builder_version=&#8221;4.3.4&#8243; use_background_color_gradient=&#8221;on&#8221; background_color_gradient_start=&#8221;rgba(255,255,255,0.58)&#8221; background_color_gradient_end=&#8221;rgba(255,255,255,0)&#8221; background_color_gradient_end_position=&#8221;58%&#8221; background_image=&#8221;https:\/\/tuplice.pl\/wp-content\/uploads\/2020\/02\/4-Obraz-512-scaled.jpg&#8221; background_blend=&#8221;overlay&#8221; custom_padding=&#8221;30px|0px|49px|0px|false|false&#8221; bottom_divider_style=&#8221;wave2&#8243; bottom_divider_color=&#8221;#f7f7f7&#8243; bottom_divider_height=&#8221;35px&#8221; bottom_divider_repeat=&#8221;13x&#8221;][et_pb_row column_structure=&#8221;1_2,1_2&#8243; use_custom_gutter=&#8221;on&#8221; gutter_width=&#8221;2&#8243; custom_padding_last_edited=&#8221;on|desktop&#8221; _builder_version=&#8221;4.0.2&#8243; custom_padding=&#8221;78px|0px|78px|0px|true|false&#8221; custom_padding_tablet=&#8221;&#8221; custom_padding_phone=&#8221;50px||50px||true&#8221; animation_style=&#8221;slide&#8221; animation_direction=&#8221;right&#8221; animation_duration=&#8221;1500ms&#8221;][et_pb_column type=&#8221;1_2&#8243; _builder_version=&#8221;3.25&#8243; custom_padding=&#8221;|||&#8221; custom_padding__hover=&#8221;|||&#8221;][et_pb_text _builder_version=&#8221;4.3.4&#8243; text_font=&#8221;Arimo||||||||&#8221; text_text_color=&#8221;#5499D4&#8243; text_font_size=&#8221;15px&#8221; header_font=&#8221;Quicksand|700|||||||&#8221; header_text_align=&#8221;left&#8221; header_text_color=&#8221;#ffffff&#8221; header_font_size=&#8221;60px&#8221; header_line_height=&#8221;1.3em&#8221; header_5_font_size=&#8221;15px&#8221; custom_margin=&#8221;-14px||&#8221; hover_enabled=&#8221;0&#8243; header_font_size_tablet=&#8221;&#8221; header_font_size_phone=&#8221;40px&#8221; header_font_size_last_edited=&#8221;on|desktop&#8221;]<\/p>\n<h1>Aplikacja &#8211; &#8222;Gdzie si\u0119 ukry\u0107&#8221;<\/h1>\n<p>[\/et_pb_text][\/et_pb_column][et_pb_column type=&#8221;1_2&#8243; _builder_version=&#8221;3.25&#8243; custom_padding=&#8221;|||&#8221; custom_padding__hover=&#8221;|||&#8221;][\/et_pb_column][\/et_pb_row][\/et_pb_section][et_pb_section fb_built=&#8221;1&#8243; _builder_version=&#8221;4.0.2&#8243; background_color=&#8221;#f7f7f7&#8243; custom_padding=&#8221;3px||7px|||&#8221;][et_pb_row _builder_version=&#8221;4.0.2&#8243; custom_padding=&#8221;||17px|||&#8221; hover_enabled=&#8221;0&#8243;][et_pb_column type=&#8221;4_4&#8243; _builder_version=&#8221;4.0.2&#8243;][et_pb_text _builder_version=&#8221;4.3.4&#8243; text_font=&#8221;Raleway||||||||&#8221; text_text_color=&#8221;#000000&#8243; text_font_size=&#8221;17px&#8221; text_orientation=&#8221;justified&#8221; custom_padding=&#8221;35px||||false|false&#8221; hover_enabled=&#8221;0&#8243;]<\/p>\n<div align=\"center\">\n<div align=\"center\">\n<header class=\"entry-header\"><\/header>\n<div class=\"entry-content\">\n<p><a href=\"https:\/\/tuplice.pl\/wp-content\/uploads\/2026\/04\/gdzie-sie-ukryc-kafel2.jpg\"><img decoding=\"async\" loading=\"lazy\" class=\"wp-image-6849 aligncenter size-full\" src=\"https:\/\/tuplice.pl\/wp-content\/uploads\/2026\/04\/gdzie-sie-ukryc-kafel2.jpg\" alt=\"\" width=\"768\" height=\"358\" srcset=\"https:\/\/tuplice.pl\/wp-content\/uploads\/2026\/04\/gdzie-sie-ukryc-kafel2.jpg 768w, https:\/\/tuplice.pl\/wp-content\/uploads\/2026\/04\/gdzie-sie-ukryc-kafel2-480x224.jpg 480w\" sizes=\"(min-width: 0px) and (max-width: 480px) 480px, (min-width: 481px) 768px, 100vw\" \/><\/a><\/p>\n<p>Pa\u0144stwowa Stra\u017c Po\u017carna udost\u0119pni\u0142a aplikacj\u0119 \u201eGdzie si\u0119 ukry\u0107\u201d, kt\u00f3ra pomo\u017ce szybko znale\u017a\u0107 najbli\u017csze punkty schronienia w sytuacji zagro\u017cenia takich jak kr\u00f3tkotrwa\u0142e ekstremalne zjawiska pogodowe lub ryzyko wyst\u0105pienia od\u0142amk\u00f3w.<\/p>\n<p>Baza obejmuje obecnie ponad 70 tys. obiekt\u00f3w \u2013 s\u0105 to m.in. przej\u015bcia podziemne, stacje metra, tunele, masywne gara\u017ce podziemne. Dane s\u0105 weryfikowane przez Pa\u0144stwow\u0105 Stra\u017c Po\u017carn\u0105 i upowa\u017cnione organy ochrony ludno\u015bci.<\/p>\n<p>Aplikacja ma form\u0119 interaktywnej mapy, pozwala na \u0142atwe i intuicyjne wyszukiwanie najbli\u017cszego punktu schronienia.<\/p>\n<p>Warto zwr\u00f3ci\u0107 uwag\u0119 na oznaczenia dost\u0119pno\u015bci punkt\u00f3w schronienia w aplikacji \u201eGdzie si\u0119 ukry\u0107\u201d:<\/p>\n<p>Dost\u0119pny ca\u0142odobowo (24h) \u2013 punkty oznaczone dodatkow\u0105 zielon\u0105 obw\u00f3dk\u0105 wok\u00f3\u0142 znaku obrony cywilnej,<br \/>Ograniczona dost\u0119pno\u015b\u0107 (okre\u015blone godziny otwarcia) \u2013 ograniczenie wynika m.in. z godzin pracy czy obecno\u015bci obs\u0142ugi obiektu,<br \/>Ograniczona dost\u0119pno\u015b\u0107 (dost\u0119p w ramach wzajemnej pomocy) \u2013 s\u0105 to m.in. obiekty zamkni\u0119te, pod \u015bcis\u0142ym nadzorem wsp\u00f3lnot i zarz\u0105dc\u00f3w, kt\u00f3rzy w przypadku zagro\u017cenia powinni umo\u017cliwi\u0107 dost\u0119p do swoich obiekt\u00f3w osobom potrzebuj\u0105cym schronienia w ramach wzajemnej pomocy.<\/p>\n<h4>Aplikacja dost\u0119pna jest pod adresem: <a href=\"https:\/\/gdziesieukryc.pl\"><strong>gdziesieukryc.pl<\/strong><\/a><\/h4>\n<\/div>\n<\/div>\n<div align=\"center\">\u00a0<\/div>\n<\/div>\n<p>[\/et_pb_text][\/et_pb_column][\/et_pb_row][\/et_pb_section][et_pb_section fb_built=&#8221;1&#8243; admin_label=&#8221;Reach Us Section&#8221; _builder_version=&#8221;4.0.2&#8243; use_background_color_gradient=&#8221;on&#8221; background_color_gradient_start=&#8221;#f2f7fc&#8221; background_color_gradient_end=&#8221;rgba(242,247,252,0.76)&#8221; background_color_gradient_start_position=&#8221;18%&#8221; background_color_gradient_overlays_image=&#8221;on&#8221; background_image=&#8221;https:\/\/tuplice.pl\/wp-content\/uploads\/2020\/02\/field-1246620_1920.jpg&#8221; custom_padding=&#8221;33px||85px||false|false&#8221;][et_pb_row admin_label=&#8221;Reach Us Area&#8221; _builder_version=&#8221;3.25&#8243; animation_style=&#8221;slide&#8221; animation_direction=&#8221;left&#8221; animation_duration=&#8221;1250ms&#8221; animation_delay=&#8221;500ms&#8221;][et_pb_column type=&#8221;4_4&#8243; _builder_version=&#8221;3.25&#8243; custom_padding=&#8221;|||&#8221; custom_padding__hover=&#8221;|||&#8221;][et_pb_text admin_label=&#8221;1&#8243; _builder_version=&#8221;4.0.2&#8243; header_2_font=&#8221;Quicksand|700|||||||&#8221; header_2_text_align=&#8221;center&#8221; header_2_text_color=&#8221;#e57a00&#8243; header_2_font_size=&#8221;40px&#8221; header_5_font_size=&#8221;15px&#8221; max_width=&#8221;550px&#8221; module_alignment=&#8221;center&#8221; custom_margin=&#8221;||0px|&#8221; header_2_font_size_tablet=&#8221;&#8221; header_2_font_size_phone=&#8221;30px&#8221; header_2_font_size_last_edited=&#8221;on|desktop&#8221;]<\/p>\n<h2>Kontakt<\/h2>\n<p>[\/et_pb_text][et_pb_divider color=&#8221;#e57a00&#8243; divider_style=&#8221;dotted&#8221; divider_position=&#8221;center&#8221; divider_weight=&#8221;4px&#8221; _builder_version=&#8221;3.19.3&#8243; max_width=&#8221;50px&#8221; module_alignment=&#8221;center&#8221; custom_margin=&#8221;-1px||20px|&#8221; animation_direction=&#8221;top&#8221;][\/et_pb_divider][et_pb_text _builder_version=&#8221;4.3.4&#8243; text_font=&#8221;Arimo||||||||&#8221; text_text_color=&#8221;#000000&#8243; text_font_size=&#8221;15px&#8221; text_line_height=&#8221;1.8em&#8221; header_5_font_size=&#8221;15px&#8221; text_orientation=&#8221;center&#8221; max_width=&#8221;550px&#8221; module_alignment=&#8221;center&#8221; custom_margin=&#8221;-13px||&#8221;][\/et_pb_text][\/et_pb_column][\/et_pb_row][et_pb_row column_structure=&#8221;1_3,1_3,1_3&#8243; _builder_version=&#8221;3.25&#8243; custom_padding=&#8221;0px||0px|||&#8221; animation_style=&#8221;slide&#8221; animation_direction=&#8221;right&#8221; animation_duration=&#8221;1250ms&#8221; animation_delay=&#8221;500ms&#8221;][et_pb_column type=&#8221;1_3&#8243; _builder_version=&#8221;3.25&#8243; custom_padding=&#8221;|||&#8221; custom_padding__hover=&#8221;|||&#8221;][et_pb_blurb title=&#8221;Adres&#8221; image=&#8221;https:\/\/tuplice.pl\/wp-content\/uploads\/2020\/02\/htyy55-1.png&#8221; image_max_width=&#8221;71px&#8221; admin_label=&#8221;1&#8243; _builder_version=&#8221;4.0.2&#8243; header_font=&#8221;Quicksand|700|||||||&#8221; header_text_color=&#8221;#e57a00&#8243; header_font_size=&#8221;20px&#8221; body_font=&#8221;Arimo||||||||&#8221; body_text_color=&#8221;#000000&#8243; body_font_size=&#8221;15px&#8221; body_line_height=&#8221;1.8em&#8221; background_color=&#8221;#ffffff&#8221; text_orientation=&#8221;center&#8221; custom_padding=&#8221;60px|30px|60px|30px&#8221; border_radii=&#8221;on|8px|8px|8px|8px&#8221; box_shadow_style=&#8221;preset2&#8243; box_shadow_horizontal=&#8221;0px&#8221; box_shadow_vertical=&#8221;15px&#8221; box_shadow_blur=&#8221;25px&#8221; box_shadow_color=&#8221;rgba(0,0,0,0.05)&#8221; custom_margin__hover_enabled=&#8221;on&#8221; custom_margin__hover=&#8221;-19px||&#8221; header_letter_spacing__hover_enabled=&#8221;on&#8221; header_letter_spacing__hover=&#8221;2px&#8221; background__hover_enabled=&#8221;on&#8221; background_color__hover=&#8221;#f2f7fc&#8221;]Mickiewicza 27<br \/>\n68-219 Tuplice[\/et_pb_blurb][\/et_pb_column][et_pb_column type=&#8221;1_3&#8243; _builder_version=&#8221;3.25&#8243; custom_padding=&#8221;|||&#8221; custom_padding__hover=&#8221;|||&#8221;][et_pb_blurb title=&#8221;Telefon&#8221; image=&#8221;https:\/\/tuplice.pl\/wp-content\/uploads\/2020\/02\/htyy55-2.png&#8221; image_max_width=&#8221;71px&#8221; admin_label=&#8221;1&#8243; _builder_version=&#8221;4.0.2&#8243; header_font=&#8221;Quicksand|700|||||||&#8221; header_text_color=&#8221;#e57a00&#8243; header_font_size=&#8221;20px&#8221; body_font=&#8221;Arimo||||||||&#8221; body_text_color=&#8221;#000000&#8243; body_font_size=&#8221;15px&#8221; body_line_height=&#8221;1.8em&#8221; background_color=&#8221;#ffffff&#8221; text_orientation=&#8221;center&#8221; custom_padding=&#8221;60px|30px|85px|30px|false|false&#8221; border_radii=&#8221;on|8px|8px|8px|8px&#8221; box_shadow_style=&#8221;preset2&#8243; box_shadow_horizontal=&#8221;0px&#8221; box_shadow_vertical=&#8221;15px&#8221; box_shadow_blur=&#8221;25px&#8221; box_shadow_color=&#8221;rgba(0,0,0,0.05)&#8221; background_color__hover=&#8221;#f2f7fc&#8221; custom_margin__hover_enabled=&#8221;on&#8221; custom_margin__hover=&#8221;-19px||&#8221; header_letter_spacing__hover_enabled=&#8221;on&#8221; header_letter_spacing__hover=&#8221;2px&#8221; background__hover_enabled=&#8221;on&#8221;]68 362 57 20[\/et_pb_blurb][\/et_pb_column][et_pb_column type=&#8221;1_3&#8243; _builder_version=&#8221;3.25&#8243; custom_padding=&#8221;|||&#8221; custom_padding__hover=&#8221;|||&#8221;][et_pb_blurb title=&#8221;Email&#8221; image=&#8221;https:\/\/tuplice.pl\/wp-content\/uploads\/2020\/02\/htyy55-3.png&#8221; image_max_width=&#8221;71px&#8221; admin_label=&#8221;1&#8243; _builder_version=&#8221;4.0.2&#8243; header_font=&#8221;Quicksand|700|||||||&#8221; header_text_color=&#8221;#e57a00&#8243; header_font_size=&#8221;20px&#8221; body_font=&#8221;Arimo||||||||&#8221; body_text_color=&#8221;#000000&#8243; body_font_size=&#8221;15px&#8221; body_line_height=&#8221;1.8em&#8221; background_color=&#8221;#ffffff&#8221; text_orientation=&#8221;center&#8221; custom_padding=&#8221;60px|30px|85px|30px|false|false&#8221; border_radii=&#8221;on|8px|8px|8px|8px&#8221; box_shadow_style=&#8221;preset2&#8243; box_shadow_horizontal=&#8221;0px&#8221; box_shadow_vertical=&#8221;15px&#8221; box_shadow_blur=&#8221;25px&#8221; box_shadow_color=&#8221;rgba(0,0,0,0.05)&#8221; background_color__hover=&#8221;#f2f7fc&#8221; custom_margin__hover_enabled=&#8221;on&#8221; custom_margin__hover=&#8221;-19px||&#8221; header_letter_spacing__hover_enabled=&#8221;on&#8221; header_letter_spacing__hover=&#8221;2px&#8221; background__hover_enabled=&#8221;on&#8221;]gmina(at)tuplice.pl[\/et_pb_blurb][\/et_pb_column][\/et_pb_row][\/et_pb_section][et_pb_section fb_built=&#8221;1&#8243; fullwidth=&#8221;on&#8221; _builder_version=&#8221;4.0.2&#8243;][et_pb_fullwidth_code _builder_version=&#8221;4.0.2&#8243;]<iframe loading=\"lazy\" src=\"https:\/\/www.google.com\/maps\/embed?pb=!1m14!1m8!1m3!1d9896.950641836056!2d14.8321652!3d51.6737927!3m2!1i1024!2i768!4f13.1!3m3!1m2!1s0x0%3A0xdfaf49a559e5887!2sUrz%C4%85d%20Gminy%20Tuplice!5e0!3m2!1spl!2spl!4v1580768327608!5m2!1spl!2spl\" width=\"2500\" height=\"400\" frameborder=\"0\" style=\"border:0;\" allowfullscreen=\"\"><\/iframe>[\/et_pb_fullwidth_code][\/et_pb_section]<\/p>\n<div class=\"pvc_clear\"><\/div>\n<p id=\"pvc_stats_6845\" class=\"pvc_stats all  \" data-element-id=\"6845\" style=\"\"><i class=\"pvc-stats-icon medium\" aria-hidden=\"true\"><svg aria-hidden=\"true\" focusable=\"false\" data-prefix=\"far\" data-icon=\"chart-bar\" role=\"img\" xmlns=\"http:\/\/www.w3.org\/2000\/svg\" viewBox=\"0 0 512 512\" class=\"svg-inline--fa fa-chart-bar fa-w-16 fa-2x\"><path fill=\"currentColor\" d=\"M396.8 352h22.4c6.4 0 12.8-6.4 12.8-12.8V108.8c0-6.4-6.4-12.8-12.8-12.8h-22.4c-6.4 0-12.8 6.4-12.8 12.8v230.4c0 6.4 6.4 12.8 12.8 12.8zm-192 0h22.4c6.4 0 12.8-6.4 12.8-12.8V140.8c0-6.4-6.4-12.8-12.8-12.8h-22.4c-6.4 0-12.8 6.4-12.8 12.8v198.4c0 6.4 6.4 12.8 12.8 12.8zm96 0h22.4c6.4 0 12.8-6.4 12.8-12.8V204.8c0-6.4-6.4-12.8-12.8-12.8h-22.4c-6.4 0-12.8 6.4-12.8 12.8v134.4c0 6.4 6.4 12.8 12.8 12.8zM496 400H48V80c0-8.84-7.16-16-16-16H16C7.16 64 0 71.16 0 80v336c0 17.67 14.33 32 32 32h464c8.84 0 16-7.16 16-16v-16c0-8.84-7.16-16-16-16zm-387.2-48h22.4c6.4 0 12.8-6.4 12.8-12.8v-70.4c0-6.4-6.4-12.8-12.8-12.8h-22.4c-6.4 0-12.8 6.4-12.8 12.8v70.4c0 6.4 6.4 12.8 12.8 12.8z\" class=\"\"><\/path><\/svg><\/i> <img decoding=\"async\" loading=\"lazy\" width=\"16\" height=\"16\" alt=\"Loading\" src=\"https:\/\/tuplice.pl\/wp-content\/plugins\/page-views-count\/ajax-loader-2x.gif\" border=0 \/><\/p>\n<div class=\"pvc_clear\"><\/div>\n","protected":false},"excerpt":{"rendered":"<p>[et_pb_section fb_built=&#8221;1&#8243; _builder_version=&#8221;4.3.4&#8243; use_background_color_gradient=&#8221;on&#8221; background_color_gradient_start=&#8221;rgba(255,255,255,0.58)&#8221; background_color_gradient_end=&#8221;rgba(255,255,255,0)&#8221; background_color_gradient_end_position=&#8221;58%&#8221; background_image=&#8221;https:\/\/tuplice.pl\/wp-content\/uploads\/2020\/02\/4-Obraz-512-scaled.jpg&#8221; background_blend=&#8221;overlay&#8221; custom_padding=&#8221;30px|0px|49px|0px|false|false&#8221; bottom_divider_style=&#8221;wave2&#8243; bottom_divider_color=&#8221;#f7f7f7&#8243; bottom_divider_height=&#8221;35px&#8221; bottom_divider_repeat=&#8221;13x&#8221;][et_pb_row column_structure=&#8221;1_2,1_2&#8243; use_custom_gutter=&#8221;on&#8221; gutter_width=&#8221;2&#8243; custom_padding_last_edited=&#8221;on|desktop&#8221; _builder_version=&#8221;4.0.2&#8243; custom_padding=&#8221;78px|0px|78px|0px|true|false&#8221; custom_padding_tablet=&#8221;&#8221; custom_padding_phone=&#8221;50px||50px||true&#8221; animation_style=&#8221;slide&#8221; animation_direction=&#8221;right&#8221; animation_duration=&#8221;1500ms&#8221;][et_pb_column type=&#8221;1_2&#8243; _builder_version=&#8221;3.25&#8243; custom_padding=&#8221;|||&#8221; custom_padding__hover=&#8221;|||&#8221;][et_pb_text _builder_version=&#8221;4.3.4&#8243; text_font=&#8221;Arimo||||||||&#8221; text_text_color=&#8221;#5499D4&#8243; text_font_size=&#8221;15px&#8221; header_font=&#8221;Quicksand|700|||||||&#8221; header_text_align=&#8221;left&#8221; header_text_color=&#8221;#ffffff&#8221; header_font_size=&#8221;60px&#8221; header_line_height=&#8221;1.3em&#8221; header_5_font_size=&#8221;15px&#8221; custom_margin=&#8221;-14px||&#8221; hover_enabled=&#8221;0&#8243; header_font_size_tablet=&#8221;&#8221; header_font_size_phone=&#8221;40px&#8221; header_font_size_last_edited=&#8221;on|desktop&#8221;] Aplikacja &#8211; &#8222;Gdzie si\u0119 ukry\u0107&#8221; [\/et_pb_text][\/et_pb_column][et_pb_column type=&#8221;1_2&#8243; _builder_version=&#8221;3.25&#8243; custom_padding=&#8221;|||&#8221; custom_padding__hover=&#8221;|||&#8221;][\/et_pb_column][\/et_pb_row][\/et_pb_section][et_pb_section fb_built=&#8221;1&#8243; [&hellip;]<\/p>\n<div class=\"pvc_clear\"><\/div>\n<p id=\"pvc_stats_6845\" class=\"pvc_stats all  \" data-element-id=\"6845\" style=\"\"><i class=\"pvc-stats-icon medium\" aria-hidden=\"true\"><svg aria-hidden=\"true\" focusable=\"false\" data-prefix=\"far\" data-icon=\"chart-bar\" role=\"img\" xmlns=\"http:\/\/www.w3.org\/2000\/svg\" viewBox=\"0 0 512 512\" class=\"svg-inline--fa fa-chart-bar fa-w-16 fa-2x\"><path fill=\"currentColor\" d=\"M396.8 352h22.4c6.4 0 12.8-6.4 12.8-12.8V108.8c0-6.4-6.4-12.8-12.8-12.8h-22.4c-6.4 0-12.8 6.4-12.8 12.8v230.4c0 6.4 6.4 12.8 12.8 12.8zm-192 0h22.4c6.4 0 12.8-6.4 12.8-12.8V140.8c0-6.4-6.4-12.8-12.8-12.8h-22.4c-6.4 0-12.8 6.4-12.8 12.8v198.4c0 6.4 6.4 12.8 12.8 12.8zm96 0h22.4c6.4 0 12.8-6.4 12.8-12.8V204.8c0-6.4-6.4-12.8-12.8-12.8h-22.4c-6.4 0-12.8 6.4-12.8 12.8v134.4c0 6.4 6.4 12.8 12.8 12.8zM496 400H48V80c0-8.84-7.16-16-16-16H16C7.16 64 0 71.16 0 80v336c0 17.67 14.33 32 32 32h464c8.84 0 16-7.16 16-16v-16c0-8.84-7.16-16-16-16zm-387.2-48h22.4c6.4 0 12.8-6.4 12.8-12.8v-70.4c0-6.4-6.4-12.8-12.8-12.8h-22.4c-6.4 0-12.8 6.4-12.8 12.8v70.4c0 6.4 6.4 12.8 12.8 12.8z\" class=\"\"><\/path><\/svg><\/i> <img decoding=\"async\" loading=\"lazy\" width=\"16\" height=\"16\" alt=\"Loading\" src=\"https:\/\/tuplice.pl\/wp-content\/plugins\/page-views-count\/ajax-loader-2x.gif\" border=0 \/><\/p>\n<div class=\"pvc_clear\"><\/div>\n","protected":false},"author":3,"featured_media":0,"parent":0,"menu_order":0,"comment_status":"closed","ping_status":"closed","template":"","meta":{"_et_pb_use_builder":"on","_et_pb_old_content":"","_et_gb_content_width":"","_monsterinsights_skip_tracking":false,"_monsterinsights_sitenote_active":false,"_monsterinsights_sitenote_note":"","_monsterinsights_sitenote_category":0},"aioseo_notices":[],"_links":{"self":[{"href":"https:\/\/tuplice.pl\/index.php\/wp-json\/wp\/v2\/pages\/6845"}],"collection":[{"href":"https:\/\/tuplice.pl\/index.php\/wp-json\/wp\/v2\/pages"}],"about":[{"href":"https:\/\/tuplice.pl\/index.php\/wp-json\/wp\/v2\/types\/page"}],"author":[{"embeddable":true,"href":"https:\/\/tuplice.pl\/index.php\/wp-json\/wp\/v2\/users\/3"}],"replies":[{"embeddable":true,"href":"https:\/\/tuplice.pl\/index.php\/wp-json\/wp\/v2\/comments?post=6845"}],"version-history":[{"count":3,"href":"https:\/\/tuplice.pl\/index.php\/wp-json\/wp\/v2\/pages\/6845\/revisions"}],"predecessor-version":[{"id":6852,"href":"https:\/\/tuplice.pl\/index.php\/wp-json\/wp\/v2\/pages\/6845\/revisions\/6852"}],"wp:attachment":[{"href":"https:\/\/tuplice.pl\/index.php\/wp-json\/wp\/v2\/media?parent=6845"}],"curies":[{"name":"wp","href":"https:\/\/api.w.org\/{rel}","templated":true}]}}